{"id":982,"date":"2023-09-01T07:12:21","date_gmt":"2023-09-01T07:12:21","guid":{"rendered":"https:\/\/sentimental.bike\/statement-on-the-protection-and-collection-of-personal-data-and-their-use\/"},"modified":"2023-09-01T07:21:31","modified_gmt":"2023-09-01T07:21:31","slug":"izjava-o-zastiti-i-prikupljanju-osobnih-podataka-i-njihovom-koristenju","status":"publish","type":"page","link":"https:\/\/sentimental.bike\/hr\/izjava-o-zastiti-i-prikupljanju-osobnih-podataka-i-njihovom-koristenju\/","title":{"rendered":"Izjava o za\u0161titi i prikupljanju osobnih podataka i njihovom kori\u0161tenju"},"content":{"rendered":"<p>sentimental.bike obavezuje se pru\u017eati za\u0161titu osobnim podacima kupaca, na na\u010din da prikuplja samo nu\u017ene, osnovne podatke o kupcima\/ korisnicima koji su nu\u017eni za ispunjenje na\u0161ih obveza; informira kupce o na\u010dinu kori\u0161tenja prikupljenih podataka, redovito daje kupcima mogu\u0107nost izbora o upotrebi njihovih podataka, uklju\u010duju\u0107i mogu\u0107nost odluke \u017eele li ili ne da se njihovo ime ukloni s lista koje se koriste za marketin\u0161ke kampanje. Svi se podaci o korisnicima strogo \u010duvaju i dostupni su samo djelatnicima kojima su ti podaci nu\u017eni za obavljanje posla. Svi djelatnici sentimental.bike i poslovni partneri odgovorni su za po\u0161tivanje na\u010dela za\u0161tite privatnosti.<\/p>\n","protected":false},"excerpt":{"rendered":"<p>sentimental.bike obavezuje se pru\u017eati za\u0161titu osobnim podacima kupaca, na na\u010din da prikuplja samo nu\u017ene, osnovne podatke o kupcima\/ korisnicima koji su nu\u017eni za ispunjenje na\u0161ih obveza; informira kupce o na\u010dinu kori\u0161tenja prikupljenih podataka, redovito daje kupcima mogu\u0107nost izbora &hellip;<\/p>\n","protected":false},"author":1,"featured_media":0,"parent":0,"menu_order":0,"comment_status":"closed","ping_status":"closed","template":"","meta":{"_acf_changed":false,"footnotes":""},"class_list":["post-982","page","type-page","status-publish","hentry"],"acf":[],"yoast_head":"<!-- This site is optimized with the Yoast SEO plugin v27.4 - https:\/\/yoast.com\/product\/yoast-seo-wordpress\/ -->\n<title>Izjava o za\u0161titi i prikupljanju osobnih podataka i njihovom kori\u0161tenju - SentiMental Bikes<\/title>\n<meta name=\"robots\" content=\"index, follow, max-snippet:-1, max-image-preview:large, max-video-preview:-1\" \/>\n<link rel=\"canonical\" href=\"https:\/\/sentimental.bike\/hr\/izjava-o-zastiti-i-prikupljanju-osobnih-podataka-i-njihovom-koristenju\/\" \/>\n<meta property=\"og:locale\" content=\"hr_HR\" \/>\n<meta property=\"og:type\" content=\"article\" \/>\n<meta property=\"og:title\" content=\"Izjava o za\u0161titi i prikupljanju osobnih podataka i njihovom kori\u0161tenju - SentiMental Bikes\" \/>\n<meta property=\"og:description\" content=\"sentimental.bike obavezuje se pru\u017eati za\u0161titu osobnim podacima kupaca, na na\u010din da prikuplja samo nu\u017ene, osnovne podatke o kupcima\/ korisnicima koji su nu\u017eni za ispunjenje na\u0161ih obveza; informira kupce o na\u010dinu kori\u0161tenja prikupljenih podataka, redovito daje kupcima mogu\u0107nost izbora &hellip;\" \/>\n<meta property=\"og:url\" content=\"https:\/\/sentimental.bike\/hr\/izjava-o-zastiti-i-prikupljanju-osobnih-podataka-i-njihovom-koristenju\/\" \/>\n<meta property=\"og:site_name\" content=\"SentiMental Bikes\" \/>\n<meta property=\"article:modified_time\" content=\"2023-09-01T07:21:31+00:00\" \/>\n<meta property=\"og:image\" content=\"https:\/\/sentimental.bike\/wp-content\/uploads\/2023\/09\/sentimental-bikes-facebook.png\" \/>\n\t<meta property=\"og:image:width\" content=\"1024\" \/>\n\t<meta property=\"og:image:height\" content=\"538\" \/>\n\t<meta property=\"og:image:type\" content=\"image\/png\" \/>\n<meta name=\"twitter:card\" content=\"summary_large_image\" \/>\n<meta name=\"twitter:label1\" content=\"Procijenjeno vrijeme \u010ditanja\" \/>\n\t<meta name=\"twitter:data1\" content=\"1 minuta\" \/>\n<script type=\"application\/ld+json\" class=\"yoast-schema-graph\">{\"@context\":\"https:\\\/\\\/schema.org\",\"@graph\":[{\"@type\":\"WebPage\",\"@id\":\"https:\\\/\\\/sentimental.bike\\\/hr\\\/izjava-o-zastiti-i-prikupljanju-osobnih-podataka-i-njihovom-koristenju\\\/\",\"url\":\"https:\\\/\\\/sentimental.bike\\\/hr\\\/izjava-o-zastiti-i-prikupljanju-osobnih-podataka-i-njihovom-koristenju\\\/\",\"name\":\"Izjava o za\u0161titi i prikupljanju osobnih podataka i njihovom kori\u0161tenju - SentiMental Bikes\",\"isPartOf\":{\"@id\":\"https:\\\/\\\/sentimental.bike\\\/hr\\\/#website\"},\"datePublished\":\"2023-09-01T07:12:21+00:00\",\"dateModified\":\"2023-09-01T07:21:31+00:00\",\"breadcrumb\":{\"@id\":\"https:\\\/\\\/sentimental.bike\\\/hr\\\/izjava-o-zastiti-i-prikupljanju-osobnih-podataka-i-njihovom-koristenju\\\/#breadcrumb\"},\"inLanguage\":\"hr\",\"potentialAction\":[{\"@type\":\"ReadAction\",\"target\":[\"https:\\\/\\\/sentimental.bike\\\/hr\\\/izjava-o-zastiti-i-prikupljanju-osobnih-podataka-i-njihovom-koristenju\\\/\"]}]},{\"@type\":\"BreadcrumbList\",\"@id\":\"https:\\\/\\\/sentimental.bike\\\/hr\\\/izjava-o-zastiti-i-prikupljanju-osobnih-podataka-i-njihovom-koristenju\\\/#breadcrumb\",\"itemListElement\":[{\"@type\":\"ListItem\",\"position\":1,\"name\":\"Home\",\"item\":\"https:\\\/\\\/sentimental.bike\\\/hr\\\/\"},{\"@type\":\"ListItem\",\"position\":2,\"name\":\"Izjava o za\u0161titi i prikupljanju osobnih podataka i njihovom kori\u0161tenju\"}]},{\"@type\":\"WebSite\",\"@id\":\"https:\\\/\\\/sentimental.bike\\\/hr\\\/#website\",\"url\":\"https:\\\/\\\/sentimental.bike\\\/hr\\\/\",\"name\":\"SentiMental Bikes\",\"description\":\"Fresh Wheels in Town\",\"potentialAction\":[{\"@type\":\"SearchAction\",\"target\":{\"@type\":\"EntryPoint\",\"urlTemplate\":\"https:\\\/\\\/sentimental.bike\\\/hr\\\/?s={search_term_string}\"},\"query-input\":{\"@type\":\"PropertyValueSpecification\",\"valueRequired\":true,\"valueName\":\"search_term_string\"}}],\"inLanguage\":\"hr\"}]}<\/script>\n<!-- \/ Yoast SEO plugin. -->","yoast_head_json":{"title":"Izjava o za\u0161titi i prikupljanju osobnih podataka i njihovom kori\u0161tenju - SentiMental Bikes","robots":{"index":"index","follow":"follow","max-snippet":"max-snippet:-1","max-image-preview":"max-image-preview:large","max-video-preview":"max-video-preview:-1"},"canonical":"https:\/\/sentimental.bike\/hr\/izjava-o-zastiti-i-prikupljanju-osobnih-podataka-i-njihovom-koristenju\/","og_locale":"hr_HR","og_type":"article","og_title":"Izjava o za\u0161titi i prikupljanju osobnih podataka i njihovom kori\u0161tenju - SentiMental Bikes","og_description":"sentimental.bike obavezuje se pru\u017eati za\u0161titu osobnim podacima kupaca, na na\u010din da prikuplja samo nu\u017ene, osnovne podatke o kupcima\/ korisnicima koji su nu\u017eni za ispunjenje na\u0161ih obveza; informira kupce o na\u010dinu kori\u0161tenja prikupljenih podataka, redovito daje kupcima mogu\u0107nost izbora &hellip;","og_url":"https:\/\/sentimental.bike\/hr\/izjava-o-zastiti-i-prikupljanju-osobnih-podataka-i-njihovom-koristenju\/","og_site_name":"SentiMental Bikes","article_modified_time":"2023-09-01T07:21:31+00:00","og_image":[{"url":"https:\/\/sentimental.bike\/wp-content\/uploads\/2023\/09\/sentimental-bikes-facebook.png","width":1024,"height":538,"type":"image\/png"}],"twitter_card":"summary_large_image","twitter_misc":{"Procijenjeno vrijeme \u010ditanja":"1 minuta"},"schema":{"@context":"https:\/\/schema.org","@graph":[{"@type":"WebPage","@id":"https:\/\/sentimental.bike\/hr\/izjava-o-zastiti-i-prikupljanju-osobnih-podataka-i-njihovom-koristenju\/","url":"https:\/\/sentimental.bike\/hr\/izjava-o-zastiti-i-prikupljanju-osobnih-podataka-i-njihovom-koristenju\/","name":"Izjava o za\u0161titi i prikupljanju osobnih podataka i njihovom kori\u0161tenju - SentiMental Bikes","isPartOf":{"@id":"https:\/\/sentimental.bike\/hr\/#website"},"datePublished":"2023-09-01T07:12:21+00:00","dateModified":"2023-09-01T07:21:31+00:00","breadcrumb":{"@id":"https:\/\/sentimental.bike\/hr\/izjava-o-zastiti-i-prikupljanju-osobnih-podataka-i-njihovom-koristenju\/#breadcrumb"},"inLanguage":"hr","potentialAction":[{"@type":"ReadAction","target":["https:\/\/sentimental.bike\/hr\/izjava-o-zastiti-i-prikupljanju-osobnih-podataka-i-njihovom-koristenju\/"]}]},{"@type":"BreadcrumbList","@id":"https:\/\/sentimental.bike\/hr\/izjava-o-zastiti-i-prikupljanju-osobnih-podataka-i-njihovom-koristenju\/#breadcrumb","itemListElement":[{"@type":"ListItem","position":1,"name":"Home","item":"https:\/\/sentimental.bike\/hr\/"},{"@type":"ListItem","position":2,"name":"Izjava o za\u0161titi i prikupljanju osobnih podataka i njihovom kori\u0161tenju"}]},{"@type":"WebSite","@id":"https:\/\/sentimental.bike\/hr\/#website","url":"https:\/\/sentimental.bike\/hr\/","name":"SentiMental Bikes","description":"Fresh Wheels in Town","potentialAction":[{"@type":"SearchAction","target":{"@type":"EntryPoint","urlTemplate":"https:\/\/sentimental.bike\/hr\/?s={search_term_string}"},"query-input":{"@type":"PropertyValueSpecification","valueRequired":true,"valueName":"search_term_string"}}],"inLanguage":"hr"}]}},"_links":{"self":[{"href":"https:\/\/sentimental.bike\/hr\/wp-json\/wp\/v2\/pages\/982","targetHints":{"allow":["GET"]}}],"collection":[{"href":"https:\/\/sentimental.bike\/hr\/wp-json\/wp\/v2\/pages"}],"about":[{"href":"https:\/\/sentimental.bike\/hr\/wp-json\/wp\/v2\/types\/page"}],"author":[{"embeddable":true,"href":"https:\/\/sentimental.bike\/hr\/wp-json\/wp\/v2\/users\/1"}],"replies":[{"embeddable":true,"href":"https:\/\/sentimental.bike\/hr\/wp-json\/wp\/v2\/comments?post=982"}],"version-history":[{"count":2,"href":"https:\/\/sentimental.bike\/hr\/wp-json\/wp\/v2\/pages\/982\/revisions"}],"predecessor-version":[{"id":990,"href":"https:\/\/sentimental.bike\/hr\/wp-json\/wp\/v2\/pages\/982\/revisions\/990"}],"wp:attachment":[{"href":"https:\/\/sentimental.bike\/hr\/wp-json\/wp\/v2\/media?parent=982"}],"curies":[{"name":"wp","href":"https:\/\/api.w.org\/{rel}","templated":true}]}}